{"id":9,"date":"2025-01-02T17:34:24","date_gmt":"2025-01-02T17:34:24","guid":{"rendered":"https:\/\/separat.cl\/?page_id=9"},"modified":"2025-01-02T19:15:31","modified_gmt":"2025-01-02T19:15:31","slug":"inicio","status":"publish","type":"page","link":"https:\/\/separat.cl\/","title":{"rendered":"Inicio"},"content":{"rendered":"\t\t<div data-elementor-type=\"wp-page\" data-elementor-id=\"9\" class=\"elementor elementor-9\" data-elementor-post-type=\"page\">\n\t\t\t\t<div class=\"elementor-element elementor-element-4a715109 e-flex e-con-boxed e-con e-parent\" data-id=\"4a715109\" data-element_type=\"container\" data-settings=\"{&quot;background_background&quot;:&quot;classic&quot;,&quot;sticky&quot;:&quot;top&quot;,&quot;sticky_on&quot;:[&quot;desktop&quot;,&quot;tablet&quot;,&quot;mobile&quot;],&quot;sticky_offset&quot;:0,&quot;sticky_effects_offset&quot;:0,&quot;sticky_anchor_link_offset&quot;:0}\">\n\t\t\t\t\t<div class=\"e-con-inner\">\n\t\t\t\t<div class=\"elementor-element elementor-element-2b86bd27 elementor-widget elementor-widget-image\" data-id=\"2b86bd27\" data-element_type=\"widget\" data-widget_type=\"image.default\">\n\t\t\t\t<div class=\"elementor-widget-container\">\n\t\t\t\t\t\t\t\t\t\t\t\t\t\t\t\t<a href=\"https:\/\/separat.cl\">\n\t\t\t\t\t\t\t<img fetchpriority=\"high\" decoding=\"async\" width=\"3008\" height=\"1101\" src=\"https:\/\/separat.cl\/wp-content\/uploads\/2025\/01\/LogoSeparat-02.png\" class=\"attachment-full size-full wp-image-32\" alt=\"\" srcset=\"https:\/\/separat.cl\/wp-content\/uploads\/2025\/01\/LogoSeparat-02.png 3008w, https:\/\/separat.cl\/wp-content\/uploads\/2025\/01\/LogoSeparat-02-300x110.png 300w, https:\/\/separat.cl\/wp-content\/uploads\/2025\/01\/LogoSeparat-02-1024x375.png 1024w, https:\/\/separat.cl\/wp-content\/uploads\/2025\/01\/LogoSeparat-02-768x281.png 768w, https:\/\/separat.cl\/wp-content\/uploads\/2025\/01\/LogoSeparat-02-1536x562.png 1536w, https:\/\/separat.cl\/wp-content\/uploads\/2025\/01\/LogoSeparat-02-2048x750.png 2048w\" sizes=\"(max-width: 3008px) 100vw, 3008px\" \/>\t\t\t\t\t\t\t\t<\/a>\n\t\t\t\t\t\t\t\t\t\t\t\t\t\t\t<\/div>\n\t\t\t\t<\/div>\n\t\t<div class=\"elementor-element elementor-element-1249422a e-con-full e-flex e-con e-child\" data-id=\"1249422a\" data-element_type=\"container\">\n\t\t\t\t<div class=\"elementor-element elementor-element-60ba7a2 elementor-align-center elementor-widget elementor-widget-button\" data-id=\"60ba7a2\" data-element_type=\"widget\" data-widget_type=\"button.default\">\n\t\t\t\t<div class=\"elementor-widget-container\">\n\t\t\t\t\t\t\t\t\t<div class=\"elementor-button-wrapper\">\n\t\t\t\t\t<a class=\"elementor-button elementor-button-link elementor-size-lg elementor-animation-grow\" href=\"https:\/\/api.whatsapp.com\/send?phone=+56%209%209224%203422\">\n\t\t\t\t\t\t<span class=\"elementor-button-content-wrapper\">\n\t\t\t\t\t\t\t\t\t<span class=\"elementor-button-text\">CONT\u00c1CTANOS<\/span>\n\t\t\t\t\t<\/span>\n\t\t\t\t\t<\/a>\n\t\t\t\t<\/div>\n\t\t\t\t\t\t\t\t<\/div>\n\t\t\t\t<\/div>\n\t\t\t\t<\/div>\n\t\t\t\t\t<\/div>\n\t\t\t\t<\/div>\n\t\t<div class=\"elementor-element elementor-element-7ef567a0 e-flex e-con-boxed e-con e-parent\" data-id=\"7ef567a0\" data-element_type=\"container\" data-settings=\"{&quot;background_background&quot;:&quot;classic&quot;}\">\n\t\t\t\t\t<div class=\"e-con-inner\">\n\t\t\t\t<div class=\"elementor-element elementor-element-3d8cbeea elementor-widget elementor-widget-heading\" data-id=\"3d8cbeea\" data-element_type=\"widget\" data-widget_type=\"heading.default\">\n\t\t\t\t<div class=\"elementor-widget-container\">\n\t\t\t\t\t<h2 class=\"elementor-heading-title elementor-size-default\">En separat te ofrecemos<\/h2>\t\t\t\t<\/div>\n\t\t\t\t<\/div>\n\t\t\t\t<div class=\"elementor-element elementor-element-2e54be2e elementor-widget elementor-widget-heading\" data-id=\"2e54be2e\" data-element_type=\"widget\" data-widget_type=\"heading.default\">\n\t\t\t\t<div class=\"elementor-widget-container\">\n\t\t\t\t\t<h1 class=\"elementor-heading-title elementor-size-default\">VENTA, Servicios de Mantenci\u00f3n, Arriendo  y Reparaci\u00f3n de maquina y equipos .<\/h1>\t\t\t\t<\/div>\n\t\t\t\t<\/div>\n\t\t\t\t<div class=\"elementor-element elementor-element-5126b14a elementor-widget elementor-widget-text-editor\" data-id=\"5126b14a\" data-element_type=\"widget\" data-widget_type=\"text-editor.default\">\n\t\t\t\t<div class=\"elementor-widget-container\">\n\t\t\t\t\t\t\t\t\t<p>&#8220;Ofrecemos las mejores soluciones en maquinaria y equipos de alta calidad, ideales para optimizar tus procesos industriales.&#8221;<\/p>\t\t\t\t\t\t\t\t<\/div>\n\t\t\t\t<\/div>\n\t\t\t\t<div class=\"elementor-element elementor-element-43e31148 elementor-align-center elementor-widget elementor-widget-button\" data-id=\"43e31148\" data-element_type=\"widget\" data-widget_type=\"button.default\">\n\t\t\t\t<div class=\"elementor-widget-container\">\n\t\t\t\t\t\t\t\t\t<div class=\"elementor-button-wrapper\">\n\t\t\t\t\t<a class=\"elementor-button elementor-button-link elementor-size-lg elementor-animation-grow\" href=\"https:\/\/api.whatsapp.com\/send?phone=+56%209%209224%203422\">\n\t\t\t\t\t\t<span class=\"elementor-button-content-wrapper\">\n\t\t\t\t\t\t\t\t\t<span class=\"elementor-button-text\">CONT\u00c1CTANOS<\/span>\n\t\t\t\t\t<\/span>\n\t\t\t\t\t<\/a>\n\t\t\t\t<\/div>\n\t\t\t\t\t\t\t\t<\/div>\n\t\t\t\t<\/div>\n\t\t\t\t\t<\/div>\n\t\t\t\t<\/div>\n\t\t<div class=\"elementor-element elementor-element-740da383 e-flex e-con-boxed e-con e-parent\" data-id=\"740da383\" data-element_type=\"container\" data-settings=\"{&quot;background_background&quot;:&quot;classic&quot;}\">\n\t\t\t\t\t<div class=\"e-con-inner\">\n\t\t<div class=\"elementor-element elementor-element-2e7ea1a4 e-con-full e-flex e-con e-child\" data-id=\"2e7ea1a4\" data-element_type=\"container\">\n\t\t\t\t<div class=\"elementor-element elementor-element-25ef64e2 elementor-widget elementor-widget-heading\" data-id=\"25ef64e2\" data-element_type=\"widget\" data-widget_type=\"heading.default\">\n\t\t\t\t<div class=\"elementor-widget-container\">\n\t\t\t\t\t<h2 class=\"elementor-heading-title elementor-size-default\">Nuestros Servicios<\/h2>\t\t\t\t<\/div>\n\t\t\t\t<\/div>\n\t\t\t\t<div class=\"elementor-element elementor-element-956967 elementor-widget elementor-widget-heading\" data-id=\"956967\" data-element_type=\"widget\" data-widget_type=\"heading.default\">\n\t\t\t\t<div class=\"elementor-widget-container\">\n\t\t\t\t\t<h5 class=\"elementor-heading-title elementor-size-default\">\"Tu aliado en maquinaria, repuestos y mantenimientos de confianza.\"<\/h5>\t\t\t\t<\/div>\n\t\t\t\t<\/div>\n\t\t\t\t<\/div>\n\t\t<div class=\"elementor-element elementor-element-5e559d7e e-con-full e-flex e-con e-child\" data-id=\"5e559d7e\" data-element_type=\"container\">\n\t\t\t\t<div class=\"elementor-element elementor-element-2152bab7 elementor-widget-tablet__width-initial elementor-widget-mobile__width-inherit elementor-widget__width-initial elementor-position-top elementor-widget elementor-widget-image-box\" data-id=\"2152bab7\" data-element_type=\"widget\" data-widget_type=\"image-box.default\">\n\t\t\t\t<div class=\"elementor-widget-container\">\n\t\t\t\t\t<div class=\"elementor-image-box-wrapper\"><figure class=\"elementor-image-box-img\"><a href=\"https:\/\/library.elementor.com\/local-services-wireframe-1-flexbox\/services\/#service_1\" tabindex=\"-1\"><img decoding=\"async\" width=\"1726\" height=\"1726\" src=\"https:\/\/separat.cl\/wp-content\/uploads\/2025\/01\/Carpeta-Separat-07.png\" class=\"elementor-animation-grow attachment-full size-full wp-image-50\" alt=\"\" srcset=\"https:\/\/separat.cl\/wp-content\/uploads\/2025\/01\/Carpeta-Separat-07.png 1726w, https:\/\/separat.cl\/wp-content\/uploads\/2025\/01\/Carpeta-Separat-07-300x300.png 300w, https:\/\/separat.cl\/wp-content\/uploads\/2025\/01\/Carpeta-Separat-07-1024x1024.png 1024w, https:\/\/separat.cl\/wp-content\/uploads\/2025\/01\/Carpeta-Separat-07-150x150.png 150w, https:\/\/separat.cl\/wp-content\/uploads\/2025\/01\/Carpeta-Separat-07-768x768.png 768w, https:\/\/separat.cl\/wp-content\/uploads\/2025\/01\/Carpeta-Separat-07-1536x1536.png 1536w\" sizes=\"(max-width: 1726px) 100vw, 1726px\" \/><\/a><\/figure><div class=\"elementor-image-box-content\"><h4 class=\"elementor-image-box-title\"><a href=\"https:\/\/library.elementor.com\/local-services-wireframe-1-flexbox\/services\/#service_1\">Venta de Maquinas y Equipos<\/a><\/h4><p class=\"elementor-image-box-description\">Equipos y soluciones para tu industria, siempre a tu alcance.<\/p><\/div><\/div>\t\t\t\t<\/div>\n\t\t\t\t<\/div>\n\t\t\t\t<div class=\"elementor-element elementor-element-347550d1 elementor-widget-tablet__width-initial elementor-widget-mobile__width-inherit elementor-widget__width-initial elementor-position-top elementor-widget elementor-widget-image-box\" data-id=\"347550d1\" data-element_type=\"widget\" data-widget_type=\"image-box.default\">\n\t\t\t\t<div class=\"elementor-widget-container\">\n\t\t\t\t\t<div class=\"elementor-image-box-wrapper\"><figure class=\"elementor-image-box-img\"><a href=\"https:\/\/library.elementor.com\/local-services-wireframe-1-flexbox\/services\/#service_2\" tabindex=\"-1\"><img decoding=\"async\" width=\"1726\" height=\"1726\" src=\"https:\/\/separat.cl\/wp-content\/uploads\/2025\/01\/Carpeta-Separat-05.png\" class=\"elementor-animation-grow attachment-full size-full wp-image-48\" alt=\"\" srcset=\"https:\/\/separat.cl\/wp-content\/uploads\/2025\/01\/Carpeta-Separat-05.png 1726w, https:\/\/separat.cl\/wp-content\/uploads\/2025\/01\/Carpeta-Separat-05-300x300.png 300w, https:\/\/separat.cl\/wp-content\/uploads\/2025\/01\/Carpeta-Separat-05-1024x1024.png 1024w, https:\/\/separat.cl\/wp-content\/uploads\/2025\/01\/Carpeta-Separat-05-150x150.png 150w, https:\/\/separat.cl\/wp-content\/uploads\/2025\/01\/Carpeta-Separat-05-768x768.png 768w, https:\/\/separat.cl\/wp-content\/uploads\/2025\/01\/Carpeta-Separat-05-1536x1536.png 1536w\" sizes=\"(max-width: 1726px) 100vw, 1726px\" \/><\/a><\/figure><div class=\"elementor-image-box-content\"><h4 class=\"elementor-image-box-title\"><a href=\"https:\/\/library.elementor.com\/local-services-wireframe-1-flexbox\/services\/#service_2\">Servicios, Multimarca<\/a><\/h4><p class=\"elementor-image-box-description\">Tu aliado en maquinaria, repuestos y mantenimientos de confianza.<\/p><\/div><\/div>\t\t\t\t<\/div>\n\t\t\t\t<\/div>\n\t\t\t\t<div class=\"elementor-element elementor-element-3fd6bb4f elementor-widget-tablet__width-initial elementor-widget-mobile__width-inherit elementor-widget__width-initial elementor-position-top elementor-widget elementor-widget-image-box\" data-id=\"3fd6bb4f\" data-element_type=\"widget\" data-widget_type=\"image-box.default\">\n\t\t\t\t<div class=\"elementor-widget-container\">\n\t\t\t\t\t<div class=\"elementor-image-box-wrapper\"><figure class=\"elementor-image-box-img\"><img loading=\"lazy\" decoding=\"async\" width=\"1726\" height=\"1726\" src=\"https:\/\/separat.cl\/wp-content\/uploads\/2025\/01\/Carpeta-Separat2-06.png\" class=\"elementor-animation-grow attachment-full size-full wp-image-52\" alt=\"\" srcset=\"https:\/\/separat.cl\/wp-content\/uploads\/2025\/01\/Carpeta-Separat2-06.png 1726w, https:\/\/separat.cl\/wp-content\/uploads\/2025\/01\/Carpeta-Separat2-06-300x300.png 300w, https:\/\/separat.cl\/wp-content\/uploads\/2025\/01\/Carpeta-Separat2-06-1024x1024.png 1024w, https:\/\/separat.cl\/wp-content\/uploads\/2025\/01\/Carpeta-Separat2-06-150x150.png 150w, https:\/\/separat.cl\/wp-content\/uploads\/2025\/01\/Carpeta-Separat2-06-768x768.png 768w, https:\/\/separat.cl\/wp-content\/uploads\/2025\/01\/Carpeta-Separat2-06-1536x1536.png 1536w\" sizes=\"(max-width: 1726px) 100vw, 1726px\" \/><\/figure><div class=\"elementor-image-box-content\"><h4 class=\"elementor-image-box-title\">Importaci\u00f3n y Venta de repuestos<\/h4><p class=\"elementor-image-box-description\">Innovaci\u00f3n y excelencia en cada m\u00e1quina, servicio y repuesto.<\/p><\/div><\/div>\t\t\t\t<\/div>\n\t\t\t\t<\/div>\n\t\t\t\t<div class=\"elementor-element elementor-element-5e023679 elementor-widget-tablet__width-initial elementor-widget-mobile__width-inherit elementor-widget__width-initial elementor-position-top elementor-widget elementor-widget-image-box\" data-id=\"5e023679\" data-element_type=\"widget\" data-widget_type=\"image-box.default\">\n\t\t\t\t<div class=\"elementor-widget-container\">\n\t\t\t\t\t<div class=\"elementor-image-box-wrapper\"><figure class=\"elementor-image-box-img\"><a href=\"https:\/\/library.elementor.com\/local-services-wireframe-1-flexbox\/services\/#service_4\" tabindex=\"-1\"><img loading=\"lazy\" decoding=\"async\" width=\"930\" height=\"961\" src=\"https:\/\/separat.cl\/wp-content\/uploads\/2025\/01\/screw-press-360.png\" class=\"elementor-animation-grow attachment-full size-full wp-image-53\" alt=\"\" srcset=\"https:\/\/separat.cl\/wp-content\/uploads\/2025\/01\/screw-press-360.png 930w, https:\/\/separat.cl\/wp-content\/uploads\/2025\/01\/screw-press-360-290x300.png 290w, https:\/\/separat.cl\/wp-content\/uploads\/2025\/01\/screw-press-360-768x794.png 768w\" sizes=\"(max-width: 930px) 100vw, 930px\" \/><\/a><\/figure><div class=\"elementor-image-box-content\"><h4 class=\"elementor-image-box-title\"><a href=\"https:\/\/library.elementor.com\/local-services-wireframe-1-flexbox\/services\/#service_4\">Arriendo de Unidades M\u00f3viles<\/a><\/h4><p class=\"elementor-image-box-description\">Flexibilidad y eficiencia con unidades m\u00f3viles a tu servicio.<\/p><\/div><\/div>\t\t\t\t<\/div>\n\t\t\t\t<\/div>\n\t\t\t\t<\/div>\n\t\t\t\t\t<\/div>\n\t\t\t\t<\/div>\n\t\t<div class=\"elementor-element elementor-element-274f58c e-flex e-con-boxed e-con e-parent\" data-id=\"274f58c\" data-element_type=\"container\">\n\t\t\t\t\t<div class=\"e-con-inner\">\n\t\t\t\t<div class=\"elementor-element elementor-element-fd14b4a elementor-widget elementor-widget-image\" data-id=\"fd14b4a\" data-element_type=\"widget\" data-widget_type=\"image.default\">\n\t\t\t\t<div class=\"elementor-widget-container\">\n\t\t\t\t\t\t\t\t\t\t\t\t\t\t\t<img loading=\"lazy\" decoding=\"async\" width=\"300\" height=\"150\" src=\"https:\/\/separat.cl\/wp-content\/uploads\/2025\/01\/haus-10-300x150.png\" class=\"attachment-medium size-medium wp-image-58\" alt=\"\" srcset=\"https:\/\/separat.cl\/wp-content\/uploads\/2025\/01\/haus-10-300x150.png 300w, https:\/\/separat.cl\/wp-content\/uploads\/2025\/01\/haus-10-1024x513.png 1024w, https:\/\/separat.cl\/wp-content\/uploads\/2025\/01\/haus-10-768x385.png 768w, https:\/\/separat.cl\/wp-content\/uploads\/2025\/01\/haus-10-1536x770.png 1536w, https:\/\/separat.cl\/wp-content\/uploads\/2025\/01\/haus-10-2048x1026.png 2048w\" sizes=\"(max-width: 300px) 100vw, 300px\" \/>\t\t\t\t\t\t\t\t\t\t\t\t\t\t\t<\/div>\n\t\t\t\t<\/div>\n\t\t\t\t\t<\/div>\n\t\t\t\t<\/div>\n\t\t\t\t<section class=\"elementor-section elementor-top-section elementor-element elementor-element-152dcaa6 elementor-section-full_width elementor-section-height-min-height elementor-section-height-default elementor-section-items-middle\" data-id=\"152dcaa6\" data-element_type=\"section\">\n\t\t\t\t\t\t<div class=\"elementor-container elementor-column-gap-default\">\n\t\t\t\t\t<div class=\"elementor-column elementor-col-100 elementor-top-column elementor-element elementor-element-5de3940\" data-id=\"5de3940\" data-element_type=\"column\">\n\t\t\t<div class=\"elementor-widget-wrap\">\n\t\t\t\t\t\t\t<\/div>\n\t\t<\/div>\n\t\t\t\t\t<\/div>\n\t\t<\/section>\n\t\t<div class=\"elementor-element elementor-element-43d3dba0 e-flex e-con-boxed e-con e-parent\" data-id=\"43d3dba0\" data-element_type=\"container\" data-settings=\"{&quot;background_background&quot;:&quot;classic&quot;}\">\n\t\t\t\t\t<div class=\"e-con-inner\">\n\t\t<div class=\"elementor-element elementor-element-10299d19 e-con-full e-flex e-con e-child\" data-id=\"10299d19\" data-element_type=\"container\">\n\t\t<div class=\"elementor-element elementor-element-2e7b18f7 e-con-full e-flex e-con e-child\" data-id=\"2e7b18f7\" data-element_type=\"container\">\n\t\t\t\t<\/div>\n\t\t<div class=\"elementor-element elementor-element-3c42b390 e-con-full e-flex e-con e-child\" data-id=\"3c42b390\" data-element_type=\"container\">\n\t\t\t\t<div class=\"elementor-element elementor-element-6da724b0 elementor-widget elementor-widget-heading\" data-id=\"6da724b0\" data-element_type=\"widget\" data-widget_type=\"heading.default\">\n\t\t\t\t<div class=\"elementor-widget-container\">\n\t\t\t\t\t<h4 class=\"elementor-heading-title elementor-size-default\">Contacto<\/h4>\t\t\t\t<\/div>\n\t\t\t\t<\/div>\n\t\t\t\t<div class=\"elementor-element elementor-element-129ba6ee elementor-mobile-align-center elementor-icon-list--layout-traditional elementor-list-item-link-full_width elementor-widget elementor-widget-icon-list\" data-id=\"129ba6ee\" data-element_type=\"widget\" data-widget_type=\"icon-list.default\">\n\t\t\t\t<div class=\"elementor-widget-container\">\n\t\t\t\t\t\t\t<ul class=\"elementor-icon-list-items\">\n\t\t\t\t\t\t\t<li class=\"elementor-icon-list-item\">\n\t\t\t\t\t\t\t\t\t\t<span class=\"elementor-icon-list-text\">Tel\u00e9fono: +56 9 9224 3422<\/span>\n\t\t\t\t\t\t\t\t\t<\/li>\n\t\t\t\t\t\t\t\t<li class=\"elementor-icon-list-item\">\n\t\t\t\t\t\t\t\t\t\t<span class=\"elementor-icon-list-text\">Correo: cbenavente@separat.cl<\/span>\n\t\t\t\t\t\t\t\t\t<\/li>\n\t\t\t\t\t\t\t\t<li class=\"elementor-icon-list-item\">\n\t\t\t\t\t\t\t\t\t\t<span class=\"elementor-icon-list-text\">Direcci\u00f3n: Acevedo 170 \u2212 Isla de Maipo.<\/span>\n\t\t\t\t\t\t\t\t\t<\/li>\n\t\t\t\t\t\t<\/ul>\n\t\t\t\t\t\t<\/div>\n\t\t\t\t<\/div>\n\t\t\t\t<\/div>\n\t\t<div class=\"elementor-element elementor-element-7674f4a0 e-con-full e-flex e-con e-child\" data-id=\"7674f4a0\" data-element_type=\"container\">\n\t\t\t\t<\/div>\n\t\t\t\t<\/div>\n\t\t\t\t\t<\/div>\n\t\t\t\t<\/div>\n\t\t\t\t<\/div>\n\t\t","protected":false},"excerpt":{"rendered":"<p>CONT\u00c1CTANOS En separat te ofrecemos VENTA, Servicios de Mantenci\u00f3n, Arriendo y Reparaci\u00f3n de maquina y equipos . &#8220;Ofrecemos las mejores soluciones en maquinaria y equipos de alta calidad, ideales para optimizar tus procesos industriales.&#8221; CONT\u00c1CTANOS Nuestros Servicios &#8220;Tu aliado en maquinaria, repuestos y mantenimientos de confianza.&#8221; Venta de Maquinas y Equipos Equipos y soluciones para [&hellip;]<\/p>\n","protected":false},"author":1,"featured_media":0,"parent":0,"menu_order":0,"comment_status":"closed","ping_status":"closed","template":"elementor_canvas","meta":{"footnotes":""},"class_list":["post-9","page","type-page","status-publish","hentry"],"yoast_head":"<!-- This site is optimized with the Yoast SEO plugin v24.1 - https:\/\/yoast.com\/wordpress\/plugins\/seo\/ -->\n<title>Inicio - Separat<\/title>\n<meta name=\"robots\" content=\"index, follow, max-snippet:-1, max-image-preview:large, max-video-preview:-1\" \/>\n<link rel=\"canonical\" href=\"https:\/\/separat.cl\/\" \/>\n<meta property=\"og:locale\" content=\"en_US\" \/>\n<meta property=\"og:type\" content=\"article\" \/>\n<meta property=\"og:title\" content=\"Inicio - Separat\" \/>\n<meta property=\"og:description\" content=\"CONT\u00c1CTANOS En separat te ofrecemos VENTA, Servicios de Mantenci\u00f3n, Arriendo y Reparaci\u00f3n de maquina y equipos . &#8220;Ofrecemos las mejores soluciones en maquinaria y equipos de alta calidad, ideales para optimizar tus procesos industriales.&#8221; CONT\u00c1CTANOS Nuestros Servicios &#8220;Tu aliado en maquinaria, repuestos y mantenimientos de confianza.&#8221; Venta de Maquinas y Equipos Equipos y soluciones para [&hellip;]\" \/>\n<meta property=\"og:url\" content=\"https:\/\/separat.cl\/\" \/>\n<meta property=\"og:site_name\" content=\"Separat\" \/>\n<meta property=\"article:modified_time\" content=\"2025-01-02T19:15:31+00:00\" \/>\n<meta property=\"og:image\" content=\"https:\/\/separat.cl\/wp-content\/uploads\/2025\/01\/LogoSeparat-02.png\" \/>\n\t<meta property=\"og:image:width\" content=\"3008\" \/>\n\t<meta property=\"og:image:height\" content=\"1101\" \/>\n\t<meta property=\"og:image:type\" content=\"image\/png\" \/>\n<meta name=\"twitter:card\" content=\"summary_large_image\" \/>\n<meta name=\"twitter:label1\" content=\"Est. reading time\" \/>\n\t<meta name=\"twitter:data1\" content=\"2 minutes\" \/>\n<script type=\"application\/ld+json\" class=\"yoast-schema-graph\">{\"@context\":\"https:\/\/schema.org\",\"@graph\":[{\"@type\":\"WebPage\",\"@id\":\"https:\/\/separat.cl\/\",\"url\":\"https:\/\/separat.cl\/\",\"name\":\"Inicio - Separat\",\"isPartOf\":{\"@id\":\"https:\/\/separat.cl\/#website\"},\"primaryImageOfPage\":{\"@id\":\"https:\/\/separat.cl\/#primaryimage\"},\"image\":{\"@id\":\"https:\/\/separat.cl\/#primaryimage\"},\"thumbnailUrl\":\"https:\/\/separat.cl\/wp-content\/uploads\/2025\/01\/LogoSeparat-02.png\",\"datePublished\":\"2025-01-02T17:34:24+00:00\",\"dateModified\":\"2025-01-02T19:15:31+00:00\",\"breadcrumb\":{\"@id\":\"https:\/\/separat.cl\/#breadcrumb\"},\"inLanguage\":\"en-US\",\"potentialAction\":[{\"@type\":\"ReadAction\",\"target\":[\"https:\/\/separat.cl\/\"]}]},{\"@type\":\"ImageObject\",\"inLanguage\":\"en-US\",\"@id\":\"https:\/\/separat.cl\/#primaryimage\",\"url\":\"https:\/\/separat.cl\/wp-content\/uploads\/2025\/01\/LogoSeparat-02.png\",\"contentUrl\":\"https:\/\/separat.cl\/wp-content\/uploads\/2025\/01\/LogoSeparat-02.png\",\"width\":3008,\"height\":1101},{\"@type\":\"BreadcrumbList\",\"@id\":\"https:\/\/separat.cl\/#breadcrumb\",\"itemListElement\":[{\"@type\":\"ListItem\",\"position\":1,\"name\":\"Home\",\"item\":\"https:\/\/separat.cl\/\"},{\"@type\":\"ListItem\",\"position\":2,\"name\":\"Inicio\"}]},{\"@type\":\"WebSite\",\"@id\":\"https:\/\/separat.cl\/#website\",\"url\":\"https:\/\/separat.cl\/\",\"name\":\"Separat\",\"description\":\"\",\"potentialAction\":[{\"@type\":\"SearchAction\",\"target\":{\"@type\":\"EntryPoint\",\"urlTemplate\":\"https:\/\/separat.cl\/?s={search_term_string}\"},\"query-input\":{\"@type\":\"PropertyValueSpecification\",\"valueRequired\":true,\"valueName\":\"search_term_string\"}}],\"inLanguage\":\"en-US\"}]}<\/script>\n<!-- \/ Yoast SEO plugin. -->","yoast_head_json":{"title":"Inicio - Separat","robots":{"index":"index","follow":"follow","max-snippet":"max-snippet:-1","max-image-preview":"max-image-preview:large","max-video-preview":"max-video-preview:-1"},"canonical":"https:\/\/separat.cl\/","og_locale":"en_US","og_type":"article","og_title":"Inicio - Separat","og_description":"CONT\u00c1CTANOS En separat te ofrecemos VENTA, Servicios de Mantenci\u00f3n, Arriendo y Reparaci\u00f3n de maquina y equipos . &#8220;Ofrecemos las mejores soluciones en maquinaria y equipos de alta calidad, ideales para optimizar tus procesos industriales.&#8221; CONT\u00c1CTANOS Nuestros Servicios &#8220;Tu aliado en maquinaria, repuestos y mantenimientos de confianza.&#8221; Venta de Maquinas y Equipos Equipos y soluciones para [&hellip;]","og_url":"https:\/\/separat.cl\/","og_site_name":"Separat","article_modified_time":"2025-01-02T19:15:31+00:00","og_image":[{"width":3008,"height":1101,"url":"https:\/\/separat.cl\/wp-content\/uploads\/2025\/01\/LogoSeparat-02.png","type":"image\/png"}],"twitter_card":"summary_large_image","twitter_misc":{"Est. reading time":"2 minutes"},"schema":{"@context":"https:\/\/schema.org","@graph":[{"@type":"WebPage","@id":"https:\/\/separat.cl\/","url":"https:\/\/separat.cl\/","name":"Inicio - Separat","isPartOf":{"@id":"https:\/\/separat.cl\/#website"},"primaryImageOfPage":{"@id":"https:\/\/separat.cl\/#primaryimage"},"image":{"@id":"https:\/\/separat.cl\/#primaryimage"},"thumbnailUrl":"https:\/\/separat.cl\/wp-content\/uploads\/2025\/01\/LogoSeparat-02.png","datePublished":"2025-01-02T17:34:24+00:00","dateModified":"2025-01-02T19:15:31+00:00","breadcrumb":{"@id":"https:\/\/separat.cl\/#breadcrumb"},"inLanguage":"en-US","potentialAction":[{"@type":"ReadAction","target":["https:\/\/separat.cl\/"]}]},{"@type":"ImageObject","inLanguage":"en-US","@id":"https:\/\/separat.cl\/#primaryimage","url":"https:\/\/separat.cl\/wp-content\/uploads\/2025\/01\/LogoSeparat-02.png","contentUrl":"https:\/\/separat.cl\/wp-content\/uploads\/2025\/01\/LogoSeparat-02.png","width":3008,"height":1101},{"@type":"BreadcrumbList","@id":"https:\/\/separat.cl\/#breadcrumb","itemListElement":[{"@type":"ListItem","position":1,"name":"Home","item":"https:\/\/separat.cl\/"},{"@type":"ListItem","position":2,"name":"Inicio"}]},{"@type":"WebSite","@id":"https:\/\/separat.cl\/#website","url":"https:\/\/separat.cl\/","name":"Separat","description":"","potentialAction":[{"@type":"SearchAction","target":{"@type":"EntryPoint","urlTemplate":"https:\/\/separat.cl\/?s={search_term_string}"},"query-input":{"@type":"PropertyValueSpecification","valueRequired":true,"valueName":"search_term_string"}}],"inLanguage":"en-US"}]}},"_links":{"self":[{"href":"https:\/\/separat.cl\/index.php?rest_route=\/wp\/v2\/pages\/9","targetHints":{"allow":["GET"]}}],"collection":[{"href":"https:\/\/separat.cl\/index.php?rest_route=\/wp\/v2\/pages"}],"about":[{"href":"https:\/\/separat.cl\/index.php?rest_route=\/wp\/v2\/types\/page"}],"author":[{"embeddable":true,"href":"https:\/\/separat.cl\/index.php?rest_route=\/wp\/v2\/users\/1"}],"replies":[{"embeddable":true,"href":"https:\/\/separat.cl\/index.php?rest_route=%2Fwp%2Fv2%2Fcomments&post=9"}],"version-history":[{"count":22,"href":"https:\/\/separat.cl\/index.php?rest_route=\/wp\/v2\/pages\/9\/revisions"}],"predecessor-version":[{"id":66,"href":"https:\/\/separat.cl\/index.php?rest_route=\/wp\/v2\/pages\/9\/revisions\/66"}],"wp:attachment":[{"href":"https:\/\/separat.cl\/index.php?rest_route=%2Fwp%2Fv2%2Fmedia&parent=9"}],"curies":[{"name":"wp","href":"https:\/\/api.w.org\/{rel}","templated":true}]}}